{"id":6234,"date":"2024-03-18T21:04:40","date_gmt":"2024-03-18T21:04:40","guid":{"rendered":"https:\/\/boumanbloemen.nl\/bloemen-bezorgen-eindhoven-2\/"},"modified":"2024-03-18T21:09:44","modified_gmt":"2024-03-18T21:09:44","slug":"bloemen-bezorgen-eindhoven-2","status":"publish","type":"page","link":"https:\/\/boumanbloemen.nl\/de\/bloemen-bezorgen-eindhoven-2\/","title":{"rendered":"Blumenlieferung Eindhoven"},"content":{"rendered":"<p>Wohnen Sie in Eindhoven oder Umgebung und m\u00f6chten Sie Blumen liefern lassen? Dann bietet Bloemenhuis Bouman die ideale L\u00f6sung. Dieses lokale Blumenhaus erm\u00f6glicht es, die sch\u00f6nsten Blumen und Blumenstr\u00e4u\u00dfe schnell und einfach online zu bestellen.<\/p>\n<h4>Wie funktioniert die Blumenbestellung bei Bloemenhuis Bouman?<\/h4>\n<p>Der Prozess der Blumenlieferung in Eindhoven \u00fcber Bloemenhuis Bouman ist einfach und benutzerfreundlich. \u00dcber unsere Website w\u00e4hlen Sie den Blumenstrau\u00df aus, den Sie versenden m\u00f6chten, w\u00e4hlen die gew\u00fcnschte Gr\u00f6\u00dfe aus und legen ihn in den Warenkorb. Anschlie\u00dfend geben Sie die notwendigen Informationen wie Lieferdatum und Adresse ein. Nach der Zahlung stellen wir sicher, dass Ihre Bestellung zum vereinbarten Zeitpunkt zu den niedrigsten Lieferkosten in der Region geliefert wird.<\/p>\n<h4>Warum Blumen in Eindhoven von Bloemenhuis Bouman liefern lassen?<\/h4>\n<p>Bloemenhuis Bouman blickt auf eine mehr als 70-j\u00e4hrige Geschichte in Eindhoven zur\u00fcck. Unsere erfahrenen Floristen verf\u00fcgen nicht nur \u00fcber Fachwissen, sondern lassen sich auch immer wieder zu neuen, wundersch\u00f6nen Blumenstr\u00e4u\u00dfen inspirieren. Wir streben jeden Tag nach Qualit\u00e4t und Innovation, sowohl in unserem Gesch\u00e4ft als auch online.<\/p>\n<h4>Frische Qualit\u00e4t<\/h4>\n<p>Unser Sortiment besteht aus frischen Blumen. Wir garantieren Frische f\u00fcr sieben Tage. Wenn Ihnen der Blumenstrau\u00df nicht gef\u00e4llt, k\u00f6nnen Sie uns jederzeit kontaktieren oder unseren Laden besuchen.<\/p>\n<h4>Ein Blumenstrau\u00df f\u00fcr jeden Anlass<\/h4>\n<p>Blumen sind das perfekte Geschenk f\u00fcr fast jeden Anlass. Im Bloemenhuis Bouman in Eindhoven finden Sie f\u00fcr jede Veranstaltung den passenden Blumenstrau\u00df.<\/p>\n<h4>Trauerstr\u00e4u\u00dfe<\/h4>\n<p>In Zeiten des Verlusts bietet Bloemenhuis Bouman eine gro\u00dfe Auswahl an Trauerstr\u00e4u\u00dfen und -kr\u00e4nzen. Wir sind bereit, auf Sonderw\u00fcnsche einzugehen und in dieser schwierigen Zeit zu helfen.<\/p>\n<h4>M\u00f6chten Sie noch heute Blumen in Eindhoven liefern?<\/h4>\n<p>Brauchen Sie Blumen in letzter Minute? Bei Bloemenhuis Bouman ist das kein Problem. Bestellen Sie vor 12:00 Uhr und wir sorgen daf\u00fcr, dass die Blumen noch am selben Tag in Eindhoven und Umgebung geliefert werden.<\/p>\n<p>Besuchen Sie unsere Website, um ganz einfach Blumen zu bestellen und den Service von Bloemenhuis Bouman zu entdecken. Lassen Sie sich von unserem umfangreichen Sortiment inspirieren und machen Sie noch heute jemandem eine Freude mit einem wundersch\u00f6nen Blumenstrau\u00df.<\/p>\n","protected":false},"excerpt":{"rendered":"<p>Wohnen Sie in Eindhoven oder Umgebung und m\u00f6chten Sie Blumen liefern lassen? Dann bietet Bloemenhuis Bouman die ideale L\u00f6sung. Dieses lokale Blumenhaus erm\u00f6glicht es, die sch\u00f6nsten Blumen und Blumenstr\u00e4u\u00dfe schnell und einfach online zu bestellen. Wie funktioniert die Blumenbestellung bei Bloemenhuis Bouman? Der Prozess der Blumenlieferung in Eindhoven \u00fcber Bloemenhuis Bouman ist einfach und benutzerfreundlich. [&hellip;]<\/p>\n","protected":false},"author":3,"featured_media":0,"parent":0,"menu_order":0,"comment_status":"closed","ping_status":"closed","template":"templates\/bloemen-fullwidth.php","meta":{"_acf_changed":false,"footnotes":""},"yst_prominent_words":[],"class_list":["post-6234","page","type-page","status-publish","hentry"],"acf":[],"_links":{"self":[{"href":"https:\/\/boumanbloemen.nl\/de\/wp-json\/wp\/v2\/pages\/6234","targetHints":{"allow":["GET"]}}],"collection":[{"href":"https:\/\/boumanbloemen.nl\/de\/wp-json\/wp\/v2\/pages"}],"about":[{"href":"https:\/\/boumanbloemen.nl\/de\/wp-json\/wp\/v2\/types\/page"}],"author":[{"embeddable":true,"href":"https:\/\/boumanbloemen.nl\/de\/wp-json\/wp\/v2\/users\/3"}],"replies":[{"embeddable":true,"href":"https:\/\/boumanbloemen.nl\/de\/wp-json\/wp\/v2\/comments?post=6234"}],"version-history":[{"count":2,"href":"https:\/\/boumanbloemen.nl\/de\/wp-json\/wp\/v2\/pages\/6234\/revisions"}],"predecessor-version":[{"id":6239,"href":"https:\/\/boumanbloemen.nl\/de\/wp-json\/wp\/v2\/pages\/6234\/revisions\/6239"}],"wp:attachment":[{"href":"https:\/\/boumanbloemen.nl\/de\/wp-json\/wp\/v2\/media?parent=6234"}],"wp:term":[{"taxonomy":"yst_prominent_words","embeddable":true,"href":"https:\/\/boumanbloemen.nl\/de\/wp-json\/wp\/v2\/yst_prominent_words?post=6234"}],"curies":[{"name":"wp","href":"https:\/\/api.w.org\/{rel}","templated":true}]}}