{"id":6247,"date":"2021-05-25T20:30:26","date_gmt":"2021-05-25T20:30:26","guid":{"rendered":"https:\/\/boumanbloemen.nl\/bloemen-bezorgen-geldrop\/"},"modified":"2024-03-18T21:53:38","modified_gmt":"2024-03-18T21:53:38","slug":"bloemen-bezorgen-geldrop","status":"publish","type":"page","link":"https:\/\/boumanbloemen.nl\/de\/bloemen-bezorgen-geldrop\/","title":{"rendered":"Blumenversand Geldrop"},"content":{"rendered":"<h2>Bestellen Sie ganz einfach die sch\u00f6nsten Blumen und Blumenstr\u00e4u\u00dfe bei Bloemenhuis Bouman in Geldrop<\/h2>\n<h4>Suchen Sie nach einer M\u00f6glichkeit, jemanden zu \u00fcberraschen oder Ihr eigenes Zuhause mit frischen Blumen zu dekorieren?<\/h4>\n<p>Bei Bloemenhuis Bouman in Geldrop k\u00f6nnen Sie in wenigen einfachen Schritten die sch\u00f6nsten Blumen und Blumenstr\u00e4u\u00dfe bestellen. Unsere erfahrenen Floristen sorgen daf\u00fcr, dass Ihre Wahl ganz einfach online getroffen werden kann und bieten ein ebenso vielf\u00e4ltiges wie hochwertiges Sortiment.<\/p>\n<h4>Wie funktioniert es?<\/h4>\n<p>Der Blumenversand in Geldrop durch Bloemenhuis Bouman ist ein Kinderspiel. W\u00e4hlen Sie auf unserer benutzerfreundlichen Website Ihren Lieblingsstrau\u00df aus, w\u00e4hlen Sie die Gr\u00f6\u00dfe und legen Sie ihn in Ihren Warenkorb. Nach Eingabe der Lieferdaten und Abschluss der Zahlung stellen wir sicher, dass Ihre Blumen mit gr\u00f6\u00dfter Sorgfalt und zu den niedrigsten Lieferkosten in der Region geliefert werden.<\/p>\n<h4>Warum sollten Sie sich f\u00fcr Bloemenhuis Bouman entscheiden?<\/h4>\n<p>Mit mehr als 70 Jahren Erfahrung ist Bloemenhuis Bouman ein Synonym f\u00fcr Qualit\u00e4t und Innovation in Geldrop und Umgebung. Unsere Floristen sind nicht nur erfahren, sondern halten sich auch stets \u00fcber die neuesten Trends im Blumenarrangement und Innendesign auf dem Laufenden. Dadurch entsteht ein frisches und saisonales Angebot, das perfekt zu jedem Anlass passt.<\/p>\n<h4>T\u00e4glich frische Qualit\u00e4t<\/h4>\n<p>Die Qualit\u00e4t unseres Angebots ist beispiellos. Wir arbeiten ausschlie\u00dflich mit Frischblumen und bieten auf alle unsere Blumenstr\u00e4u\u00dfe eine siebent\u00e4gige Frischegarantie. Sollten Sie unerwarteterweise nicht zufrieden sein, sind wir bereit, das Problem online oder in unserem Gesch\u00e4ft zu l\u00f6sen.<\/p>\n<h4>Ein Blumenstrau\u00df f\u00fcr jeden Anlass<\/h4>\n<p>Ob es sich um einen Geburtstag, Valentinstag oder einen Moment der Trauer handelt, mit der Blumenlieferung in Geldrop \u00fcber Bloemenhuis Bouman finden Sie f\u00fcr jeden Anlass den richtigen Blumenstrau\u00df.<\/p>\n<h4>Trauerstr\u00e4u\u00dfe in Geldrop<\/h4>\n<p>Unsere Trauerstr\u00e4u\u00dfe spenden Trost in schwierigen Zeiten. Wir verstehen die Sensibilit\u00e4t dieser Zeit und bieten eine gro\u00dfe Auswahl an stilvollen Paketen an, um Ihre Unterst\u00fctzung zu zeigen. Bei Sonderw\u00fcnschen sind wir jederzeit offen f\u00fcr ein Gespr\u00e4ch, wie wir Ihren W\u00fcnschen gerecht werden k\u00f6nnen.<\/p>\n<h4>Ben\u00f6tigen Sie noch heute eine Blumenlieferung in Geldrop?<\/h4>\n<p>Ben\u00f6tigen Sie in letzter Minute einen Blumenstrau\u00df? Dann bestellen Sie vor 12:00 Uhr bei Bloemenhuis Bouman. Wir garantieren, dass Ihre Blumen noch am selben Tag in Geldrop und Umgebung geliefert werden, und zwar mit der Sorgfalt und Qualit\u00e4t, die Sie von uns erwarten.<\/p>\n<p>Entdecken Sie jetzt den Komfort der Blumenlieferung in Geldrop mit Bloemenhuis Bouman.<\/p>\n<p>Besuchen Sie unsere Website, w\u00e4hlen Sie aus unserem breiten Sortiment und \u00fcberraschen Sie noch heute jemanden (oder sich selbst) mit einem wundersch\u00f6nen Blumenstrau\u00df.<\/p>\n<h4>H\u00e4ufig gestellte Fragen<\/h4>\n","protected":false},"excerpt":{"rendered":"<p>Bestellen Sie ganz einfach die sch\u00f6nsten Blumen und Blumenstr\u00e4u\u00dfe bei Bloemenhuis Bouman in Geldrop Suchen Sie nach einer M\u00f6glichkeit, jemanden zu \u00fcberraschen oder Ihr eigenes Zuhause mit frischen Blumen zu dekorieren? Bei Bloemenhuis Bouman in Geldrop k\u00f6nnen Sie in wenigen einfachen Schritten die sch\u00f6nsten Blumen und Blumenstr\u00e4u\u00dfe bestellen. Unsere erfahrenen Floristen sorgen daf\u00fcr, dass Ihre [&hellip;]<\/p>\n","protected":false},"author":3,"featured_media":0,"parent":0,"menu_order":0,"comment_status":"closed","ping_status":"closed","template":"templates\/bloemen-fullwidth.php","meta":{"_acf_changed":false,"footnotes":""},"yst_prominent_words":[],"class_list":["post-6247","page","type-page","status-publish","hentry"],"acf":[],"_links":{"self":[{"href":"https:\/\/boumanbloemen.nl\/de\/wp-json\/wp\/v2\/pages\/6247","targetHints":{"allow":["GET"]}}],"collection":[{"href":"https:\/\/boumanbloemen.nl\/de\/wp-json\/wp\/v2\/pages"}],"about":[{"href":"https:\/\/boumanbloemen.nl\/de\/wp-json\/wp\/v2\/types\/page"}],"author":[{"embeddable":true,"href":"https:\/\/boumanbloemen.nl\/de\/wp-json\/wp\/v2\/users\/3"}],"replies":[{"embeddable":true,"href":"https:\/\/boumanbloemen.nl\/de\/wp-json\/wp\/v2\/comments?post=6247"}],"version-history":[{"count":2,"href":"https:\/\/boumanbloemen.nl\/de\/wp-json\/wp\/v2\/pages\/6247\/revisions"}],"predecessor-version":[{"id":6255,"href":"https:\/\/boumanbloemen.nl\/de\/wp-json\/wp\/v2\/pages\/6247\/revisions\/6255"}],"wp:attachment":[{"href":"https:\/\/boumanbloemen.nl\/de\/wp-json\/wp\/v2\/media?parent=6247"}],"wp:term":[{"taxonomy":"yst_prominent_words","embeddable":true,"href":"https:\/\/boumanbloemen.nl\/de\/wp-json\/wp\/v2\/yst_prominent_words?post=6247"}],"curies":[{"name":"wp","href":"https:\/\/api.w.org\/{rel}","templated":true}]}}