{"id":6316,"date":"2022-09-26T21:19:51","date_gmt":"2022-09-26T21:19:51","guid":{"rendered":"https:\/\/boumanbloemen.nl\/over-ons\/"},"modified":"2024-03-24T21:08:44","modified_gmt":"2024-03-24T21:08:44","slug":"over-ons","status":"publish","type":"page","link":"https:\/\/boumanbloemen.nl\/de\/over-ons\/","title":{"rendered":"\u00dcber uns"},"content":{"rendered":"<h4>Blumenhaus Bouman ein Begriff im Stadtteil Stratum,<\/h4>\n<p>Seit 1948 am Heezerweg in Eindhoven gelegen. Ein Familienunternehmen der 3. Generation, das mit Leidenschaft f\u00fcr Blumen und Pflanzen arbeitet. F\u00fcr jeden Anlass k\u00f6nnen Sie sich an uns wenden, von festlichen Blumenstr\u00e4u\u00dfen \u00fcber die Dekoration Ihres Hochzeitsortes bis hin zu speziell angefertigten Trauerblumen, die von uns mit Leidenschaft hergestellt werden. Sie k\u00f6nnen auch sch\u00f6ne Geschenkartikel bei uns finden, wir haben eine sch\u00f6ne Sammlung von Fidrio-Vasen, Rasteli-Kerzen &amp; Deko, Ceramics Limburg Pots. F\u00fcr jeden ist etwas dabei, wir w\u00fcrden uns freuen, Sie in unserem Gesch\u00e4ft zu sehen.<\/p>\n<h4>Wir stellen uns vor&#8230;<\/h4>\n<div id=\"generated_id200_159962304\" class=\"medewerker_foto\"><\/div>\n<div id=\"Jelle-Ligtvoet\" class=\"medewerker_naam\">\n<div id=\"generated_id200_159962311\" class=\"name\">\n<p><img loading=\"lazy\" decoding=\"async\" class=\"alignleft wp-image-3435 size-medium\" src=\"https:\/\/boumanbloemen.nl\/wp-content\/uploads\/2022\/03\/Bloemen-9925-200x300.jpg\" alt=\"\" width=\"200\" height=\"300\" srcset=\"https:\/\/boumanbloemen.nl\/wp-content\/uploads\/2022\/03\/Bloemen-9925-200x300.jpg 200w, https:\/\/boumanbloemen.nl\/wp-content\/uploads\/2022\/03\/Bloemen-9925-scaled-324x486.jpg 324w, https:\/\/boumanbloemen.nl\/wp-content\/uploads\/2022\/03\/Bloemen-9925-416x624.jpg 416w, https:\/\/boumanbloemen.nl\/wp-content\/uploads\/2022\/03\/Bloemen-9925-683x1024.jpg 683w, https:\/\/boumanbloemen.nl\/wp-content\/uploads\/2022\/03\/Bloemen-9925-768x1152.jpg 768w, https:\/\/boumanbloemen.nl\/wp-content\/uploads\/2022\/03\/Bloemen-9925-1024x1536.jpg 1024w, https:\/\/boumanbloemen.nl\/wp-content\/uploads\/2022\/03\/Bloemen-9925-1365x2048.jpg 1365w, https:\/\/boumanbloemen.nl\/wp-content\/uploads\/2022\/03\/Bloemen-9925-scaled.jpg 1707w\" sizes=\"auto, (max-width: 200px) 100vw, 200px\" \/>Niels<\/p>\n<p>Seit 2024 bin ich Eigent\u00fcmer von Bloemenhuis Bouman, mit der Leidenschaft f\u00fcr Blumen. Als kleiner Mann war ich bereits in unserem Gesch\u00e4ft zu finden und auch kreativ mit Blumenarrangements zu machen. Seit 2010 ist es ernst geworden, die 3. Generation ist an der Reihe&#8230; Meine Leidenschaft ist es, Kunden mit Blumen, aber auch mit einem lustigen Gespr\u00e4ch gl\u00fccklich zu machen.<\/p>\n<\/div>\n<\/div>\n<div id=\"generated_id200_159962321\" class=\"medewerker_omschrijving\">\n<div><\/div>\n<\/div>\n<div id=\"generated_id200_159962304\" class=\"medewerker_foto\"><\/div>\n<div id=\"Jelle-Ligtvoet\" class=\"medewerker_naam\">\n<div id=\"generated_id200_159962311\" class=\"name\"><img loading=\"lazy\" decoding=\"async\" class=\"alignleft wp-image-3848 size-medium\" src=\"https:\/\/boumanbloemen.nl\/wp-content\/uploads\/2022\/09\/Bloemen-0021-200x300.jpg\" alt=\"\" width=\"200\" height=\"300\" srcset=\"https:\/\/boumanbloemen.nl\/wp-content\/uploads\/2022\/09\/Bloemen-0021-200x300.jpg 200w, https:\/\/boumanbloemen.nl\/wp-content\/uploads\/2022\/09\/Bloemen-0021-scaled-324x486.jpg 324w, https:\/\/boumanbloemen.nl\/wp-content\/uploads\/2022\/09\/Bloemen-0021-scaled-416x624.jpg 416w, https:\/\/boumanbloemen.nl\/wp-content\/uploads\/2022\/09\/Bloemen-0021-683x1024.jpg 683w, https:\/\/boumanbloemen.nl\/wp-content\/uploads\/2022\/09\/Bloemen-0021-768x1152.jpg 768w, https:\/\/boumanbloemen.nl\/wp-content\/uploads\/2022\/09\/Bloemen-0021-1024x1536.jpg 1024w, https:\/\/boumanbloemen.nl\/wp-content\/uploads\/2022\/09\/Bloemen-0021-1365x2048.jpg 1365w, https:\/\/boumanbloemen.nl\/wp-content\/uploads\/2022\/09\/Bloemen-0021-scaled.jpg 1707w\" sizes=\"auto, (max-width: 200px) 100vw, 200px\" \/>Henry, 2. Generation von Blumenhaus Bouman. Seit 1990 bis 2024 Eigent\u00fcmer des Blumenhauses Bouman. Leidenschaft f\u00fcr Blumen und Pflanzen. Meine Spezialit\u00e4ten verabschieden sich von Blumen.<\/div>\n<\/div>\n<div id=\"generated_id200_159962314\" class=\"gegevens\">\n<p>Diesl, Entspannungsmanager<\/p>\n<p>040 211 32 48<\/p>\n<p>Diesel spielt seit Dezember 2015 die wichtige Rolle als Freizeitmanager in unserem Gesch\u00e4ft ein! Sie arbeitet Vollzeit im Gesch\u00e4ft und tr\u00e4gt zur Vitalit\u00e4t, Sportlichkeit und zum Vergn\u00fcgen von Henry, Moniek &amp; Niels bei<\/p>\n<\/div>\n<div id=\"generated_id200_159962321\" class=\"medewerker_omschrijving\">\n<div id=\"generated_id200_159962322\"><\/div>\n<\/div>\n<div id=\"Jelle-Ligtvoet\" class=\"medewerker_naam\">\n<div><\/div>\n<div><\/div>\n<div><\/div>\n<div><\/div>\n<div><\/div>\n<div><\/div>\n<div><\/div>\n<div><\/div>\n<div><\/div>\n<div id=\"generated_id200_159962311\" class=\"name\"><img loading=\"lazy\" decoding=\"async\" class=\"alignleft wp-image-3823 size-medium\" src=\"https:\/\/boumanbloemen.nl\/wp-content\/uploads\/2022\/09\/Bloemen-0013-200x300.jpg\" alt=\"\" width=\"200\" height=\"300\" srcset=\"https:\/\/boumanbloemen.nl\/wp-content\/uploads\/2022\/09\/Bloemen-0013-200x300.jpg 200w, https:\/\/boumanbloemen.nl\/wp-content\/uploads\/2022\/09\/Bloemen-0013-scaled-324x486.jpg 324w, https:\/\/boumanbloemen.nl\/wp-content\/uploads\/2022\/09\/Bloemen-0013-scaled-416x624.jpg 416w, https:\/\/boumanbloemen.nl\/wp-content\/uploads\/2022\/09\/Bloemen-0013-683x1024.jpg 683w, https:\/\/boumanbloemen.nl\/wp-content\/uploads\/2022\/09\/Bloemen-0013-768x1152.jpg 768w, https:\/\/boumanbloemen.nl\/wp-content\/uploads\/2022\/09\/Bloemen-0013-1024x1536.jpg 1024w, https:\/\/boumanbloemen.nl\/wp-content\/uploads\/2022\/09\/Bloemen-0013-1365x2048.jpg 1365w, https:\/\/boumanbloemen.nl\/wp-content\/uploads\/2022\/09\/Bloemen-0013-scaled.jpg 1707w\" sizes=\"auto, (max-width: 200px) 100vw, 200px\" \/>Moniek,<\/div>\n<\/div>\n<div id=\"generated_id200_159962314\" class=\"gegevens\"><\/div>\n<div id=\"generated_id200_159962304\" class=\"medewerker_foto\"><\/div>\n<div><\/div>\n<div><\/div>\n<div><\/div>\n<div><\/div>\n<div><\/div>\n<div><\/div>\n<div><\/div>\n<div><\/div>\n<div><\/div>\n<div><\/div>\n<div id=\"Jelle-Ligtvoet\" class=\"medewerker_naam\">\n<div id=\"generated_id200_159962311\" class=\"name\"><img loading=\"lazy\" decoding=\"async\" class=\"alignleft wp-image-3857 size-medium\" src=\"https:\/\/boumanbloemen.nl\/wp-content\/uploads\/2022\/09\/IMG_8163diesel-225x300.jpg\" alt=\"\" width=\"225\" height=\"300\" srcset=\"https:\/\/boumanbloemen.nl\/wp-content\/uploads\/2022\/09\/IMG_8163diesel-225x300.jpg 225w, https:\/\/boumanbloemen.nl\/wp-content\/uploads\/2022\/09\/IMG_8163diesel-scaled-324x432.jpg 324w, https:\/\/boumanbloemen.nl\/wp-content\/uploads\/2022\/09\/IMG_8163diesel-scaled-416x555.jpg 416w, https:\/\/boumanbloemen.nl\/wp-content\/uploads\/2022\/09\/IMG_8163diesel-768x1024.jpg 768w, https:\/\/boumanbloemen.nl\/wp-content\/uploads\/2022\/09\/IMG_8163diesel-1152x1536.jpg 1152w, https:\/\/boumanbloemen.nl\/wp-content\/uploads\/2022\/09\/IMG_8163diesel-1536x2048.jpg 1536w, https:\/\/boumanbloemen.nl\/wp-content\/uploads\/2022\/09\/IMG_8163diesel-scaled.jpg 1920w\" sizes=\"auto, (max-width: 225px) 100vw, 225px\" \/><\/div>\n<div><\/div>\n<div class=\"name\">\n<p>Diesel, Entspannungsmanager<\/p>\n<p>Diesel spielt seit Dezember 2015 die wichtige Rolle als Freizeitmanager in unserem Gesch\u00e4ft ein! Sie arbeitet Vollzeit im Gesch\u00e4ft und tr\u00e4gt zur Vitalit\u00e4t, Sportlichkeit und zum Vergn\u00fcgen von Henry, Moniek &amp; Niels bei<\/p>\n<\/div>\n<\/div>\n<p>&nbsp;<\/p>\n","protected":false},"excerpt":{"rendered":"<p>Blumenhaus Bouman ein Begriff im Stadtteil Stratum, Seit 1948 am Heezerweg in Eindhoven gelegen. Ein Familienunternehmen der 3. Generation, das mit Leidenschaft f\u00fcr Blumen und Pflanzen arbeitet. F\u00fcr jeden Anlass k\u00f6nnen Sie sich an uns wenden, von festlichen Blumenstr\u00e4u\u00dfen \u00fcber die Dekoration Ihres Hochzeitsortes bis hin zu speziell angefertigten Trauerblumen, die von uns mit Leidenschaft [&hellip;]<\/p>\n","protected":false},"author":3,"featured_media":0,"parent":0,"menu_order":0,"comment_status":"closed","ping_status":"closed","template":"templates\/bloemen-over-ons.php","meta":{"_acf_changed":false,"footnotes":""},"yst_prominent_words":[],"class_list":["post-6316","page","type-page","status-publish","hentry"],"acf":[],"_links":{"self":[{"href":"https:\/\/boumanbloemen.nl\/de\/wp-json\/wp\/v2\/pages\/6316","targetHints":{"allow":["GET"]}}],"collection":[{"href":"https:\/\/boumanbloemen.nl\/de\/wp-json\/wp\/v2\/pages"}],"about":[{"href":"https:\/\/boumanbloemen.nl\/de\/wp-json\/wp\/v2\/types\/page"}],"author":[{"embeddable":true,"href":"https:\/\/boumanbloemen.nl\/de\/wp-json\/wp\/v2\/users\/3"}],"replies":[{"embeddable":true,"href":"https:\/\/boumanbloemen.nl\/de\/wp-json\/wp\/v2\/comments?post=6316"}],"version-history":[{"count":3,"href":"https:\/\/boumanbloemen.nl\/de\/wp-json\/wp\/v2\/pages\/6316\/revisions"}],"predecessor-version":[{"id":6323,"href":"https:\/\/boumanbloemen.nl\/de\/wp-json\/wp\/v2\/pages\/6316\/revisions\/6323"}],"wp:attachment":[{"href":"https:\/\/boumanbloemen.nl\/de\/wp-json\/wp\/v2\/media?parent=6316"}],"wp:term":[{"taxonomy":"yst_prominent_words","embeddable":true,"href":"https:\/\/boumanbloemen.nl\/de\/wp-json\/wp\/v2\/yst_prominent_words?post=6316"}],"curies":[{"name":"wp","href":"https:\/\/api.w.org\/{rel}","templated":true}]}}