{"id":6374,"date":"2021-10-12T18:28:05","date_gmt":"2021-10-12T18:28:05","guid":{"rendered":"https:\/\/boumanbloemen.nl\/duurzaam-bloemist-eindhoven\/"},"modified":"2024-03-24T22:24:43","modified_gmt":"2024-03-24T22:24:43","slug":"duurzaam-bloemist-eindhoven","status":"publish","type":"page","link":"https:\/\/boumanbloemen.nl\/de\/duurzaam-bloemist-eindhoven\/","title":{"rendered":"Nachhaltiger Florist Eindhoven"},"content":{"rendered":"<h1 data-slate-node=\"element\"><span data-slate-node=\"text\">Bloemenhuis Bouman: Ihr nachhaltiger Florist in Eindhoven<\/span><\/h1>\n<p data-slate-node=\"element\">Hey, da! Sind Sie auf der Suche nach einem Floristen, der nicht nur die sch\u00f6nsten Blumen und Pflanzen anbietet, sondern auch ein Herz f\u00fcr unseren sch\u00f6nen Planeten hat? Dann sind Sie im Bloemenhuis Bouman genau richtig. Wir sind sehr stolz darauf, Ihnen mitteilen zu k\u00f6nnen, dass wir das Silberniveau im Barometer Sustainable Florist erreicht haben. Ja, Sie haben richtig gelesen, wir sind Ihr nachhaltiger Florist in Eindhoven!<\/p>\n<p data-slate-node=\"element\">Aber warten Sie einen Moment, wir k\u00f6nnen das nat\u00fcrlich nicht alle selbst beanspruchen. Sie, als unser gro\u00dfartiger Kunde, spielen dabei eine entscheidende Rolle. Gemeinsam mit Ihnen machen wir Schritte in Richtung einer saubereren und besseren Welt. Wie cool ist das?<\/p>\n<h4 data-slate-node=\"element\">Tauchen Sie ein in die Welt der Nachhaltigkeit<\/h4>\n<p data-slate-node=\"element\">Nachhaltigkeit, was bedeutet das eigentlich? Einfach ausgedr\u00fcckt: Wir sorgen daf\u00fcr, dass wir heute gut leben, ohne die zuk\u00fcnftigen Generationen im Stich zu lassen. Bei Bloemenhuis Bouman nehmen wir dies ernst und sind gerne f\u00fchrend, um diese sch\u00f6ne Philosophie in die Praxis umzusetzen.<\/p>\n<p data-slate-node=\"element\">\n<p data-slate-node=\"element\">In unserer Politik konzentrieren wir uns auf Energieeinsparung, nachhaltige Beschaffung und lokales soziales Engagement. Denn ja, als nachhaltiger Florist von Eindhoven gehen wir noch einen Schritt weiter.<\/p>\n<h3 data-slate-node=\"element\"><span data-slate-node=\"text\">Unsere Schritte In Richtung Nachhaltigkeit<br \/>\n<img loading=\"lazy\" decoding=\"async\" class=\" wp-image-5675 alignright\" src=\"https:\/\/boumanbloemen.nl\/wp-content\/uploads\/2023\/10\/Bouman-Bloemenhuis-128-1-300x200.png\" alt=\"\" width=\"422\" height=\"281\" srcset=\"https:\/\/boumanbloemen.nl\/wp-content\/uploads\/2023\/10\/Bouman-Bloemenhuis-128-1-300x200.png 300w, https:\/\/boumanbloemen.nl\/wp-content\/uploads\/2023\/10\/Bouman-Bloemenhuis-128-1-1024x683.png 1024w, https:\/\/boumanbloemen.nl\/wp-content\/uploads\/2023\/10\/Bouman-Bloemenhuis-128-1-768x512.png 768w, https:\/\/boumanbloemen.nl\/wp-content\/uploads\/2023\/10\/Bouman-Bloemenhuis-128-1-1536x1024.png 1536w, https:\/\/boumanbloemen.nl\/wp-content\/uploads\/2023\/10\/Bouman-Bloemenhuis-128-1-324x216.png 324w, https:\/\/boumanbloemen.nl\/wp-content\/uploads\/2023\/10\/Bouman-Bloemenhuis-128-1-416x277.png 416w, https:\/\/boumanbloemen.nl\/wp-content\/uploads\/2023\/10\/Bouman-Bloemenhuis-128-1.png 1920w\" sizes=\"auto, (max-width: 422px) 100vw, 422px\" \/><\/span><\/h3>\n<p data-slate-node=\"element\">Wir befolgen die Richtlinien \u201eNachhaltiger Florist\u201c des SMK (Stichting Milieukeur) und haben bereits einige Schritte unternommen:<\/p>\n<ul data-slate-node=\"element\">\n<li data-slate-node=\"element\"><b>MPS-A-Codierung \u201eSilber +\u201c: Unser Sortiment ist nicht nur sch\u00f6n, sondern auch langlebig.<\/b><\/li>\n<li data-slate-node=\"element\"><b>Gr\u00fcne Energie: Dank unserer eigenen Sonnenkollektoren werden wir mit gr\u00fcner Energie betrieben.<\/b><\/li>\n<li data-slate-node=\"element\"><b>Euro 6 Fahrzeuge: Unsere Fahrzeuge sind super sauber und unsere CO2-Emissionen werden kompensiert.<\/b><\/li>\n<li data-slate-node=\"element\"><b>LED-Beleuchtung \u00dcberall: F\u00fcr diese gem\u00fctliche Atmosph\u00e4re und Energieeinsparung.<\/b><\/li>\n<li data-slate-node=\"element\"><b>Nachhaltige Verpackung: Nur das beste Kraftpapier und die beste recycelte Folie f\u00fcr unsere Blumen und Pflanzen.<\/b><\/li>\n<li data-slate-node=\"element\"><b>Umweltfreundliche Reinigungsmittel: Denn wir reinigen gr\u00fcn!<\/b><\/li>\n<li data-slate-node=\"element\"><b>Abfalltrennung zur Kunst erheben: Jedes St\u00fcck Abfall bekommt seinen eigenen Platz.<\/b><\/li>\n<li data-slate-node=\"element\"><b>Sparsame Klimaanlage: K\u00fcrzlich installiert, um auch an hei\u00dfen Tagen k\u00fchl und langlebig zu bleiben.<\/b><\/li>\n<\/ul>\n<p data-slate-node=\"element\">Wenn Sie also auf der Suche nach einem echten nachhaltigen Floristen in Eindhoven sind, sind Sie bei Bloemenhuis Bouman an der richtigen Adresse. Gemeinsam bauen wir eine gr\u00fcnere Zukunft auf!<\/p>\n<p data-slate-node=\"element\">Nat\u00fcrlich k\u00f6nnen wir das nicht ohne Sie tun. Wenn Sie sich f\u00fcr Blumenhaus Bouman entscheiden, machen Sie sofort einen Unterschied. Lassen Sie uns gemeinsam zu einer nachhaltigeren Welt gedeihen!<\/p>\n<p data-slate-node=\"element\">Kommen Sie vorbei oder schauen Sie online vorbei.<\/p>\n<p data-slate-node=\"element\">Unser Team ist bereit, Ihnen zu helfen, den perfekten, nachhaltigen Blumenstrau\u00df oder die Pflanze zu finden. Bis bald bei Bloemenhuis Bouman &#8211; Ihrem vertrauensw\u00fcrdigen nachhaltigen Floristen in Eindhoven!<\/p>\n","protected":false},"excerpt":{"rendered":"<p>Bloemenhuis Bouman: Ihr nachhaltiger Florist in Eindhoven Hey, da! Sind Sie auf der Suche nach einem Floristen, der nicht nur die sch\u00f6nsten Blumen und Pflanzen anbietet, sondern auch ein Herz f\u00fcr unseren sch\u00f6nen Planeten hat? Dann sind Sie im Bloemenhuis Bouman genau richtig. Wir sind sehr stolz darauf, Ihnen mitteilen zu k\u00f6nnen, dass wir das [&hellip;]<\/p>\n","protected":false},"author":3,"featured_media":0,"parent":0,"menu_order":0,"comment_status":"closed","ping_status":"closed","template":"","meta":{"_acf_changed":false,"footnotes":""},"yst_prominent_words":[],"class_list":["post-6374","page","type-page","status-publish","hentry"],"acf":[],"_links":{"self":[{"href":"https:\/\/boumanbloemen.nl\/de\/wp-json\/wp\/v2\/pages\/6374","targetHints":{"allow":["GET"]}}],"collection":[{"href":"https:\/\/boumanbloemen.nl\/de\/wp-json\/wp\/v2\/pages"}],"about":[{"href":"https:\/\/boumanbloemen.nl\/de\/wp-json\/wp\/v2\/types\/page"}],"author":[{"embeddable":true,"href":"https:\/\/boumanbloemen.nl\/de\/wp-json\/wp\/v2\/users\/3"}],"replies":[{"embeddable":true,"href":"https:\/\/boumanbloemen.nl\/de\/wp-json\/wp\/v2\/comments?post=6374"}],"version-history":[{"count":2,"href":"https:\/\/boumanbloemen.nl\/de\/wp-json\/wp\/v2\/pages\/6374\/revisions"}],"predecessor-version":[{"id":6379,"href":"https:\/\/boumanbloemen.nl\/de\/wp-json\/wp\/v2\/pages\/6374\/revisions\/6379"}],"wp:attachment":[{"href":"https:\/\/boumanbloemen.nl\/de\/wp-json\/wp\/v2\/media?parent=6374"}],"wp:term":[{"taxonomy":"yst_prominent_words","embeddable":true,"href":"https:\/\/boumanbloemen.nl\/de\/wp-json\/wp\/v2\/yst_prominent_words?post=6374"}],"curies":[{"name":"wp","href":"https:\/\/api.w.org\/{rel}","templated":true}]}}