{"id":6381,"date":"2021-11-01T21:54:29","date_gmt":"2021-11-01T21:54:29","guid":{"rendered":"https:\/\/boumanbloemen.nl\/bloemen-abonnement-eindhoven\/"},"modified":"2024-03-24T22:27:40","modified_gmt":"2024-03-24T22:27:40","slug":"bloemen-abonnement-eindhoven","status":"publish","type":"page","link":"https:\/\/boumanbloemen.nl\/de\/bloemen-abonnement-eindhoven\/","title":{"rendered":"Blumenabonnement Eindhoven"},"content":{"rendered":"<h4>Lassen Sie einen frischen Wind durch Ihr Interieur wehen.<\/h4>\n<div class=\"\">Lassen Sie Ihr Haus mit sch\u00f6nen Blumen aufhellen. Mit unserem Blumenabonnement m\u00fcssen Sie nie wieder zum Floristen laufen.<\/div>\n<div class=\"\"><\/div>\n<div class=\"\">Aber das ist noch nicht alles! Mit unserem Abonnement erhalten Sie auch eine Leihvase, so dass Sie Ihre Blumen direkt mit Stil pr\u00e4sentieren k\u00f6nnen. Keine Probleme mehr, die perfekte Vase zu finden, wir haben sie f\u00fcr Sie arrangiert.<\/div>\n<div class=\"\"><\/div>\n<div class=\"\">Unser Abonnement ist flexibel, Sie k\u00f6nnen es vor\u00fcbergehend pausieren, wenn Sie zum Beispiel im Urlaub sind. Keine Verpflichtungen, kein Stress! Und wenn Sie jemals entscheiden, dass es Zeit ist, sich zu verabschieden, k\u00f6nnen Sie unser Abonnement sofort k\u00fcndigen.<\/div>\n<div class=\"\"><\/div>\n<div class=\"\">Worauf warten Sie noch? Bestellen Sie noch heute unser Blumenabonnement und lassen Sie einen frischen Wind durch Ihr Interieur wehen.<\/div>\n<p>&nbsp;<\/p>\n","protected":false},"excerpt":{"rendered":"<p>Lassen Sie einen frischen Wind durch Ihr Interieur wehen. Lassen Sie Ihr Haus mit sch\u00f6nen Blumen aufhellen. Mit unserem Blumenabonnement m\u00fcssen Sie nie wieder zum Floristen laufen. Aber das ist noch nicht alles! Mit unserem Abonnement erhalten Sie auch eine Leihvase, so dass Sie Ihre Blumen direkt mit Stil pr\u00e4sentieren k\u00f6nnen. Keine Probleme mehr, die [&hellip;]<\/p>\n","protected":false},"author":3,"featured_media":0,"parent":0,"menu_order":0,"comment_status":"closed","ping_status":"closed","template":"templates\/subscribe-product-pagina.php","meta":{"_acf_changed":false,"footnotes":""},"yst_prominent_words":[],"class_list":["post-6381","page","type-page","status-publish","hentry"],"acf":[],"_links":{"self":[{"href":"https:\/\/boumanbloemen.nl\/de\/wp-json\/wp\/v2\/pages\/6381","targetHints":{"allow":["GET"]}}],"collection":[{"href":"https:\/\/boumanbloemen.nl\/de\/wp-json\/wp\/v2\/pages"}],"about":[{"href":"https:\/\/boumanbloemen.nl\/de\/wp-json\/wp\/v2\/types\/page"}],"author":[{"embeddable":true,"href":"https:\/\/boumanbloemen.nl\/de\/wp-json\/wp\/v2\/users\/3"}],"replies":[{"embeddable":true,"href":"https:\/\/boumanbloemen.nl\/de\/wp-json\/wp\/v2\/comments?post=6381"}],"version-history":[{"count":2,"href":"https:\/\/boumanbloemen.nl\/de\/wp-json\/wp\/v2\/pages\/6381\/revisions"}],"predecessor-version":[{"id":6383,"href":"https:\/\/boumanbloemen.nl\/de\/wp-json\/wp\/v2\/pages\/6381\/revisions\/6383"}],"wp:attachment":[{"href":"https:\/\/boumanbloemen.nl\/de\/wp-json\/wp\/v2\/media?parent=6381"}],"wp:term":[{"taxonomy":"yst_prominent_words","embeddable":true,"href":"https:\/\/boumanbloemen.nl\/de\/wp-json\/wp\/v2\/yst_prominent_words?post=6381"}],"curies":[{"name":"wp","href":"https:\/\/api.w.org\/{rel}","templated":true}]}}