{"id":6419,"date":"2024-04-02T19:04:05","date_gmt":"2024-04-02T19:04:05","guid":{"rendered":"https:\/\/boumanbloemen.nl\/moederdag-bloemen-bezorgen\/"},"modified":"2024-04-02T22:27:08","modified_gmt":"2024-04-02T22:27:08","slug":"moederdag-bloemen-bezorgen","status":"publish","type":"page","link":"https:\/\/boumanbloemen.nl\/de\/moederdag-bloemen-bezorgen\/","title":{"rendered":"Muttertagsblumenlieferung"},"content":{"rendered":"<h1 data-slate-node=\"element\">Verw\u00f6hnen Sie Ihre Mutter am Muttertag mit einem sch\u00f6nen Blumenstrau\u00df!<\/h1>\n<h4 data-slate-node=\"element\">Lass deine Liebe mit einem frischen Blumenstrau\u00df leuchten<\/h4>\n<p data-slate-node=\"element\">Am Sonntag, den 12. Mai, ist Muttertag, und wie kann man Ihrer Mutter besser zeigen, wie sehr Sie sie lieben, als mit einem sch\u00f6nen Blumenstrau\u00df? Unsere frischen Blumenstr\u00e4u\u00dfe sind mit Liebe zusammengestellt und sorgen garantiert f\u00fcr ein strahlendes L\u00e4cheln auf dem Gesicht Ihrer Mutter.<\/p>\n<h2 data-slate-node=\"element\">Pers\u00f6nliche Lieferung am Sonntag vor dem Muttertag<\/h2>\n<p data-slate-node=\"element\"><span data-slate-node=\"text\">Sie haben keine Zeit, den Blumenstrau\u00df am Muttertag selbst zu liefern? Keine Sorge! Wir bieten eine pers\u00f6nliche Lieferung am Sonntag an, damit Ihre Mutter den Blumenstrau\u00df direkt zu Hause erh\u00e4lt. Auf diese Weise m\u00fcssen Sie sich keine Sorgen um die Lieferung machen und Ihre Mutter kann ihren besonderen Tag in vollen Z\u00fcgen genie\u00dfen.<br \/>\n<img loading=\"lazy\" decoding=\"async\" class=\"alignright wp-image-5787\" src=\"https:\/\/boumanbloemen.nl\/wp-content\/uploads\/2023\/10\/Bloemen-bestellen-eindhoven-home--1024x576.jpg\" alt=\"moederdag bloemen bezorgen\" width=\"519\" height=\"292\" srcset=\"https:\/\/boumanbloemen.nl\/wp-content\/uploads\/2023\/10\/Bloemen-bestellen-eindhoven-home--1024x576.jpg 1024w, https:\/\/boumanbloemen.nl\/wp-content\/uploads\/2023\/10\/Bloemen-bestellen-eindhoven-home--300x169.jpg 300w, https:\/\/boumanbloemen.nl\/wp-content\/uploads\/2023\/10\/Bloemen-bestellen-eindhoven-home--768x432.jpg 768w, https:\/\/boumanbloemen.nl\/wp-content\/uploads\/2023\/10\/Bloemen-bestellen-eindhoven-home--1536x864.jpg 1536w, https:\/\/boumanbloemen.nl\/wp-content\/uploads\/2023\/10\/Bloemen-bestellen-eindhoven-home--324x182.jpg 324w, https:\/\/boumanbloemen.nl\/wp-content\/uploads\/2023\/10\/Bloemen-bestellen-eindhoven-home--416x234.jpg 416w, https:\/\/boumanbloemen.nl\/wp-content\/uploads\/2023\/10\/Bloemen-bestellen-eindhoven-home-.jpg 1920w\" sizes=\"auto, (max-width: 519px) 100vw, 519px\" \/><\/span><\/p>\n<h3 data-slate-node=\"element\">M\u00f6chten Sie dem Blumenstrau\u00df etwas Besonderes hinzuf\u00fcgen?<\/h3>\n<p data-slate-node=\"element\" data-slate-fragment=\"JTVCJTdCJTIydHlwZSUyMiUzQSUyMmhlYWRpbmctdGhyZWUlMjIlMkMlMjJjaGlsZHJlbiUyMiUzQSU1QiU3QiUyMnRleHQlMjIlM0ElMjJXaWwlMjBqZSUyMGlldHMlMjBleHRyYSdzJTIwdG9ldm9lZ2VuJTIwYWFuJTIwaGV0JTIwYm9la2V0JTNGJTIyJTdEJTVEJTdEJTJDJTdCJTIydHlwZSUyMiUzQSUyMnBhcmFncmFwaCUyMiUyQyUyMmNoaWxkcmVuJTIyJTNBJTVCJTdCJTIydGV4dCUyMiUzQSUyMiUyMiU3RCU1RCU3RCUyQyU3QiUyMnR5cGUlMjIlM0ElMjJwYXJhZ3JhcGglMjIlMkMlMjJjaGlsZHJlbiUyMiUzQSU1QiU3QiUyMnRleHQlMjIlM0ElMjJNYWFrJTIwaGV0JTIwY2FkZWF1JTIwY29tcGxlZXQlMjBkb29yJTIwZWVuJTIwaGVlcmxpamtlJTIwZG9vcyUyMGNob2NvbGFkZSUyMG9mJTIwZWVuJTIwa251ZmZlbCUyMHRvZSUyMHRlJTIwdm9lZ2VuJTIwYWFuJTIwaGV0JTIwYm9la2V0LiUyMFpvJTIwbWFhayUyMGplJTIwTW9lZGVyZGFnJTIwZXh0cmElMjBzcGVjaWFhbCElMjIlN0QlNUQlN0QlMkMlN0IlMjJ0eXBlJTIyJTNBJTIycGFyYWdyYXBoJTIyJTJDJTIyY2hpbGRyZW4lMjIlM0ElNUIlN0IlMjJ0ZXh0JTIyJTNBJTIyJTIyJTdEJTVEJTdEJTVE\">Vervollst\u00e4ndigen Sie das Geschenk, indem Sie dem Blumenstrau\u00df eine k\u00f6stliche Schachtel Schokolade oder ein Kuscheltier hinzuf\u00fcgen. So machen Sie den Muttertag zu etwas ganz Besonderem!<\/p>\n<h2 data-slate-node=\"element\">Warum sollten Sie sich f\u00fcr unseren Service entscheiden?<\/h2>\n<p data-slate-node=\"element\">Wenn Sie sich f\u00fcr unseren Service entscheiden, entscheiden Sie sich f\u00fcr Qualit\u00e4t und Komfort. Unsere Blumenstr\u00e4u\u00dfe sind mit Sorgfalt zusammengestellt und bestehen aus den sch\u00f6nsten Blumen. Dar\u00fcber hinaus bieten wir eine pers\u00f6nliche Lieferung am Sonntag an, damit Ihre Mutter den Blumenstrau\u00df am Muttertag selbst erh\u00e4lt. Schenken Sie Ihrer Mutter das Geschenk, das sie verdient, und \u00fcberraschen Sie sie mit einem sch\u00f6nen Strau\u00df!<\/p>\n<h2 data-slate-node=\"element\">H\u00e4ufig gestellte Fragen<\/h2>\n<p data-slate-node=\"element\">\n","protected":false},"excerpt":{"rendered":"<p>Verw\u00f6hnen Sie Ihre Mutter am Muttertag mit einem sch\u00f6nen Blumenstrau\u00df! Lass deine Liebe mit einem frischen Blumenstrau\u00df leuchten Am Sonntag, den 12. Mai, ist Muttertag, und wie kann man Ihrer Mutter besser zeigen, wie sehr Sie sie lieben, als mit einem sch\u00f6nen Blumenstrau\u00df? Unsere frischen Blumenstr\u00e4u\u00dfe sind mit Liebe zusammengestellt und sorgen garantiert f\u00fcr ein [&hellip;]<\/p>\n","protected":false},"author":3,"featured_media":0,"parent":0,"menu_order":0,"comment_status":"closed","ping_status":"closed","template":"templates\/bloemen-fullwidth.php","meta":{"_acf_changed":false,"footnotes":""},"yst_prominent_words":[],"class_list":["post-6419","page","type-page","status-publish","hentry"],"acf":[],"_links":{"self":[{"href":"https:\/\/boumanbloemen.nl\/de\/wp-json\/wp\/v2\/pages\/6419","targetHints":{"allow":["GET"]}}],"collection":[{"href":"https:\/\/boumanbloemen.nl\/de\/wp-json\/wp\/v2\/pages"}],"about":[{"href":"https:\/\/boumanbloemen.nl\/de\/wp-json\/wp\/v2\/types\/page"}],"author":[{"embeddable":true,"href":"https:\/\/boumanbloemen.nl\/de\/wp-json\/wp\/v2\/users\/3"}],"replies":[{"embeddable":true,"href":"https:\/\/boumanbloemen.nl\/de\/wp-json\/wp\/v2\/comments?post=6419"}],"version-history":[{"count":3,"href":"https:\/\/boumanbloemen.nl\/de\/wp-json\/wp\/v2\/pages\/6419\/revisions"}],"predecessor-version":[{"id":6424,"href":"https:\/\/boumanbloemen.nl\/de\/wp-json\/wp\/v2\/pages\/6419\/revisions\/6424"}],"wp:attachment":[{"href":"https:\/\/boumanbloemen.nl\/de\/wp-json\/wp\/v2\/media?parent=6419"}],"wp:term":[{"taxonomy":"yst_prominent_words","embeddable":true,"href":"https:\/\/boumanbloemen.nl\/de\/wp-json\/wp\/v2\/yst_prominent_words?post=6419"}],"curies":[{"name":"wp","href":"https:\/\/api.w.org\/{rel}","templated":true}]}}