{"id":6538,"date":"2024-04-21T20:34:03","date_gmt":"2024-04-21T20:34:03","guid":{"rendered":"https:\/\/boumanbloemen.nl\/?post_type=product&#038;p=6538"},"modified":"2024-04-21T20:43:35","modified_gmt":"2024-04-21T20:43:35","slug":"rose-boeket","status":"publish","type":"product","link":"https:\/\/boumanbloemen.nl\/en\/product\/rose-boeket\/","title":{"rendered":"Ros\u00e9 boeket"},"content":{"rendered":"<p data-slate-node=\"element\"><span data-slate-node=\"text\">Op zoek naar een adembenemend ros\u00e9 boeket dat meteen de show steelt? Dan is ons Boeket ros\u00e9 precies wat je nodig hebt! Met een selectie van betoverende ros\u00e9 bloemen is dit boeket perfect voor elke gelegenheid.<\/span><\/p>\n<p data-slate-node=\"element\"><span data-slate-node=\"text\">Bestel vandaag nog en laat de bloemen nog dezelfde dag bezorgen. Als je op werkdagen of zaterdagen v\u00f3\u00f3r 12:00 uur bestelt, zorgen wij ervoor dat het boeket nog dezelfde dag door onze bezorger wordt afgeleverd. Ons ervaren team van bloemisten zal met zorg jouw boeket samenstellen, gebruikmakend van seizoensgebonden bloemen. Hierdoor kan het boeket iets afwijken van de afbeelding, maar dat maakt het juist uniek en speciaal.<\/span><\/p>\n<p data-slate-node=\"element\"><span data-slate-node=\"text\">Let op: de vaas is niet inbegrepen bij het ros\u00e9 boeket. Wil je toch een bijpassende vaas toevoegen? <a href=\"https:\/\/boumanbloemen.nl\/product\/melkbus-vaas\/\">Klik dan hier<\/a>.<\/span><\/p>\n<p data-slate-node=\"element\"><span data-slate-node=\"text\">Wij bezorgen jouw boeket met onze eigen bezorgers in Eindhoven, Geldrop, Nuenen, Son &amp; Breugel, Veldhoven en Aalst Waalre. Voor andere plaatsen maken wij gebruik van Fleurop, zodat jouw boeket overal in Nederland bezorgd kan worden.<\/span><\/p>\n<p data-slate-node=\"element\"><span data-slate-node=\"text\">Bij Bloemenhuis Bouman streven we naar duurzame kwaliteit. Daarom bieden wij je 7 dagen vaas garantie, mits je de bloemen volgens onze <a href=\"https:\/\/boumanbloemen.nl\/verzorgingstips\/\">verzorgingstips behandelt<\/a>. Verzorg de bloemen op de juiste manier en geniet zo lang mogelijk van hun schoonheid.<\/span><\/p>\n<p data-slate-node=\"element\" data-slate-fragment=\"JTVCJTdCJTIydHlwZSUyMiUzQSUyMnBhcmFncmFwaCUyMiUyQyUyMmNoaWxkcmVuJTIyJTNBJTVCJTdCJTIydGV4dCUyMiUzQSUyMk9wJTIwem9layUyMG5hYXIlMjBlZW4lMjBhZGVtYmVuZW1lbmQlMjByb3MlQzMlQTklMjBib2VrZXQlMjBkYXQlMjBtZXRlZW4lMjBkZSUyMHNob3clMjBzdGVlbHQlM0YlMjBEYW4lMjBpcyUyMG9ucyUyMEJvZWtldCUyMHJvcyVDMyVBOSUyMHByZWNpZXMlMjB3YXQlMjBqZSUyMG5vZGlnJTIwaGVidCElMjBNZXQlMjBlZW4lMjBzZWxlY3RpZSUyMHZhbiUyMGJldG92ZXJlbmRlJTIwcm9zJUMzJUE5JTIwYmxvZW1lbiUyMGlzJTIwZGl0JTIwYm9la2V0JTIwcGVyZmVjdCUyMHZvb3IlMjBlbGtlJTIwZ2VsZWdlbmhlaWQuJTIyJTdEJTVEJTdEJTJDJTdCJTIydHlwZSUyMiUzQSUyMnBhcmFncmFwaCUyMiUyQyUyMmNoaWxkcmVuJTIyJTNBJTVCJTdCJTIydGV4dCUyMiUzQSUyMiUyMiU3RCU1RCU3RCUyQyU3QiUyMnR5cGUlMjIlM0ElMjJwYXJhZ3JhcGglMjIlMkMlMjJjaGlsZHJlbiUyMiUzQSU1QiU3QiUyMnRleHQlMjIlM0ElMjJCZXN0ZWwlMjB2YW5kYWFnJTIwbm9nJTIwZW4lMjBsYWF0JTIwZGUlMjBibG9lbWVuJTIwbm9nJTIwZGV6ZWxmZGUlMjBkYWclMjBiZXpvcmdlbi4lMjBBbHMlMjBqZSUyMG9wJTIwd2Vya2RhZ2VuJTIwb2YlMjB6YXRlcmRhZ2VuJTIwdiVDMyVCMyVDMyVCM3IlMjAxMiUzQTAwJTIwdXVyJTIwYmVzdGVsdCUyQyUyMHpvcmdlbiUyMHdpaiUyMGVydm9vciUyMGRhdCUyMGhldCUyMGJvZWtldCUyMG5vZyUyMGRlemVsZmRlJTIwZGFnJTIwZG9vciUyMG9uemUlMjBiZXpvcmdlciUyMHdvcmR0JTIwYWZnZWxldmVyZC4lMjBPbnMlMjBlcnZhcmVuJTIwdGVhbSUyMHZhbiUyMGJsb2VtaXN0ZW4lMjB6YWwlMjBtZXQlMjB6b3JnJTIwam91dyUyMGJvZWtldCUyMHNhbWVuc3RlbGxlbiUyQyUyMGdlYnJ1aWttYWtlbmQlMjB2YW4lMjBzZWl6b2Vuc2dlYm9uZGVuJTIwYmxvZW1lbi4lMjBIaWVyZG9vciUyMGthbiUyMGhldCUyMGJvZWtldCUyMGlldHMlMjBhZndpamtlbiUyMHZhbiUyMGRlJTIwYWZiZWVsZGluZyUyQyUyMG1hYXIlMjBkYXQlMjBtYWFrdCUyMGhldCUyMGp1aXN0JTIwdW5pZWslMjBlbiUyMHNwZWNpYWFsLiUyMiU3RCU1RCU3RCUyQyU3QiUyMnR5cGUlMjIlM0ElMjJwYXJhZ3JhcGglMjIlMkMlMjJjaGlsZHJlbiUyMiUzQSU1QiU3QiUyMnRleHQlMjIlM0ElMjIlMjIlN0QlNUQlN0QlMkMlN0IlMjJ0eXBlJTIyJTNBJTIycGFyYWdyYXBoJTIyJTJDJTIyY2hpbGRyZW4lMjIlM0ElNUIlN0IlMjJ0ZXh0JTIyJTNBJTIyTGV0JTIwb3AlM0ElMjBkZSUyMHZhYXMlMjBpcyUyMG5pZXQlMjBpbmJlZ3JlcGVuJTIwYmlqJTIwaGV0JTIwcm9zJUMzJUE5JTIwYm9la2V0LiUyMFdpbCUyMGplJTIwdG9jaCUyMGVlbiUyMGJpanBhc3NlbmRlJTIwdmFhcyUyMHRvZXZvZWdlbiUzRiUyMEtsaWslMjBkYW4lMjBoaWVyLiUyMiU3RCU1RCU3RCUyQyU3QiUyMnR5cGUlMjIlM0ElMjJwYXJhZ3JhcGglMjIlMkMlMjJjaGlsZHJlbiUyMiUzQSU1QiU3QiUyMnRleHQlMjIlM0ElMjIlMjIlN0QlNUQlN0QlMkMlN0IlMjJ0eXBlJTIyJTNBJTIycGFyYWdyYXBoJTIyJTJDJTIyY2hpbGRyZW4lMjIlM0ElNUIlN0IlMjJ0ZXh0JTIyJTNBJTIyV2lqJTIwYmV6b3JnZW4lMjBqb3V3JTIwYm9la2V0JTIwbWV0JTIwb256ZSUyMGVpZ2VuJTIwYmV6b3JnZXJzJTIwaW4lMjBFaW5kaG92ZW4lMkMlMjBHZWxkcm9wJTJDJTIwTnVlbmVuJTJDJTIwU29uJTIwJTI2JTIwQnJldWdlbCUyQyUyMFZlbGRob3ZlbiUyMGVuJTIwQWFsc3QlMjBXYWFscmUuJTIwVm9vciUyMGFuZGVyZSUyMHBsYWF0c2VuJTIwbWFrZW4lMjB3aWolMjBnZWJydWlrJTIwdmFuJTIwRmxldXJvcCUyQyUyMHpvZGF0JTIwam91dyUyMGJvZWtldCUyMG92ZXJhbCUyMGluJTIwTmVkZXJsYW5kJTIwYmV6b3JnZCUyMGthbiUyMHdvcmRlbi4lMjIlN0QlNUQlN0QlMkMlN0IlMjJ0eXBlJTIyJTNBJTIycGFyYWdyYXBoJTIyJTJDJTIyY2hpbGRyZW4lMjIlM0ElNUIlN0IlMjJ0ZXh0JTIyJTNBJTIyJTIyJTdEJTVEJTdEJTJDJTdCJTIydHlwZSUyMiUzQSUyMnBhcmFncmFwaCUyMiUyQyUyMmNoaWxkcmVuJTIyJTNBJTVCJTdCJTIydGV4dCUyMiUzQSUyMkJpaiUyMEJsb2VtZW5odWlzJTIwQm91bWFuJTIwc3RyZXZlbiUyMHdlJTIwbmFhciUyMGR1dXJ6YW1lJTIwa3dhbGl0ZWl0LiUyMERhYXJvbSUyMGJpZWRlbiUyMHdpaiUyMGplJTIwNyUyMGRhZ2VuJTIwdmFhcyUyMGdhcmFudGllJTJDJTIwbWl0cyUyMGplJTIwZGUlMjBibG9lbWVuJTIwdm9sZ2VucyUyMG9uemUlMjB2ZXJ6b3JnaW5nc3RpcHMlMjBiZWhhbmRlbHQuJTIwVmVyem9yZyUyMGRlJTIwYmxvZW1lbiUyMG9wJTIwZGUlMjBqdWlzdGUlMjBtYW5pZXIlMjBlbiUyMGdlbmlldCUyMHpvJTIwbGFuZyUyMG1vZ2VsaWprJTIwdmFuJTIwaHVuJTIwc2Nob29uaGVpZC4lMjIlN0QlNUQlN0QlMkMlN0IlMjJ0eXBlJTIyJTNBJTIycGFyYWdyYXBoJTIyJTJDJTIyY2hpbGRyZW4lMjIlM0ElNUIlN0IlMjJ0ZXh0JTIyJTNBJTIyJTIyJTdEJTVEJTdEJTJDJTdCJTIydHlwZSUyMiUzQSUyMnBhcmFncmFwaCUyMiUyQyUyMmNoaWxkcmVuJTIyJTNBJTVCJTdCJTIydGV4dCUyMiUzQSUyMkJlc3RlbCUyMG51JTIwb25zJTIwcm9zJUMzJUE5JTIwYm9la2V0JTIwZW4lMjBsYWF0JTIwamUlMjBiZXRvdmVyZW4lMjBkb29yJTIwZGUlMjBwcmFjaHRpZ2UlMjBwaW9lbmVuJTIwZW4lMjBoZWVybGlqa2UlMjBnZXVyZW4lMjB2YW4lMjBkZXplJTIwYmxvZW1lbnNjaGF0LiUyMEhldCUyMHBlcmZlY3RlJTIwY2FkZWF1JTIwdm9vciUyMGplemVsZiUyMG9mJTIwZWVuJTIwZ2VsaWVmZGUhJTIyJTdEJTVEJTdEJTVE\"><span data-slate-node=\"text\">Bestel nu ons ros\u00e9 boeket en laat je betoveren door de prachtige pioenen en heerlijke geuren van deze bloemenschat.\u00a0<\/span><\/p>\n","protected":false},"excerpt":{"rendered":"<p><strong>Gebonden ros\u00e9 boeket<\/strong><\/p>\n<p>Gemaakt door onze bloemist, exclusief vaas.<\/p>\n","protected":false},"featured_media":6544,"comment_status":"closed","ping_status":"closed","template":"","meta":{"_acf_changed":false},"product_brand":[],"product_cat":[17],"product_tag":[],"yst_prominent_words":[],"class_list":{"0":"post-6538","1":"product","2":"type-product","3":"status-publish","4":"has-post-thumbnail","6":"product_cat-boeketten-eindhoven","8":"first","9":"instock","10":"taxable","11":"shipping-taxable","12":"purchasable","13":"product-type-variable","14":"has-default-attributes"},"acf":[],"_links":{"self":[{"href":"https:\/\/boumanbloemen.nl\/en\/wp-json\/wp\/v2\/product\/6538","targetHints":{"allow":["GET"]}}],"collection":[{"href":"https:\/\/boumanbloemen.nl\/en\/wp-json\/wp\/v2\/product"}],"about":[{"href":"https:\/\/boumanbloemen.nl\/en\/wp-json\/wp\/v2\/types\/product"}],"replies":[{"embeddable":true,"href":"https:\/\/boumanbloemen.nl\/en\/wp-json\/wp\/v2\/comments?post=6538"}],"wp:featuredmedia":[{"embeddable":true,"href":"https:\/\/boumanbloemen.nl\/en\/wp-json\/wp\/v2\/media\/6544"}],"wp:attachment":[{"href":"https:\/\/boumanbloemen.nl\/en\/wp-json\/wp\/v2\/media?parent=6538"}],"wp:term":[{"taxonomy":"product_brand","embeddable":true,"href":"https:\/\/boumanbloemen.nl\/en\/wp-json\/wp\/v2\/product_brand?post=6538"},{"taxonomy":"product_cat","embeddable":true,"href":"https:\/\/boumanbloemen.nl\/en\/wp-json\/wp\/v2\/product_cat?post=6538"},{"taxonomy":"product_tag","embeddable":true,"href":"https:\/\/boumanbloemen.nl\/en\/wp-json\/wp\/v2\/product_tag?post=6538"},{"taxonomy":"yst_prominent_words","embeddable":true,"href":"https:\/\/boumanbloemen.nl\/en\/wp-json\/wp\/v2\/yst_prominent_words?post=6538"}],"curies":[{"name":"wp","href":"https:\/\/api.w.org\/{rel}","templated":true}]}}